{"id":120,"date":"2020-04-19T16:50:37","date_gmt":"2020-04-19T13:50:37","guid":{"rendered":"http:\/\/mattilanmajatalo.cloudcare.fi\/?page_id=120"},"modified":"2022-01-24T14:01:54","modified_gmt":"2022-01-24T12:01:54","slug":"karppalan-ratsutila-horse-stables","status":"publish","type":"page","link":"https:\/\/mattilanmajatalo.fi\/en\/activities\/karppalan-ratsutila-horse-stables\/","title":{"rendered":"K\u00e4rpp\u00e4l\u00e4n Ratsutila horse stables"},"content":{"rendered":"\n<p class=\"has-text-align-center\"><br>Sharing the same courtyard with Mattilan Majatalo Guesthouse, K\u00e4rpp\u00e4l\u00e4n Ratsutila offers an excellent opportunity to spend time with horses and getting to know the stables with the stable master. How would for example a horse carriage ride sound?<\/p>\n","protected":false},"excerpt":{"rendered":"<p>Sharing the same courtyard with Mattilan Majatalo Guesthouse, K\u00e4rpp\u00e4l\u00e4n Ratsutila offers an excellent opportunity to spend time with horses and getting to know the stables with the stable master. How would for example a horse carriage ride sound?<\/p>\n","protected":false},"author":1,"featured_media":49,"parent":35,"menu_order":0,"comment_status":"closed","ping_status":"closed","template":"","meta":{"footnotes":""},"class_list":["post-120","page","type-page","status-publish","has-post-thumbnail","czr-hentry"],"_links":{"self":[{"href":"https:\/\/mattilanmajatalo.fi\/en\/wp-json\/wp\/v2\/pages\/120","targetHints":{"allow":["GET"]}}],"collection":[{"href":"https:\/\/mattilanmajatalo.fi\/en\/wp-json\/wp\/v2\/pages"}],"about":[{"href":"https:\/\/mattilanmajatalo.fi\/en\/wp-json\/wp\/v2\/types\/page"}],"author":[{"embeddable":true,"href":"https:\/\/mattilanmajatalo.fi\/en\/wp-json\/wp\/v2\/users\/1"}],"replies":[{"embeddable":true,"href":"https:\/\/mattilanmajatalo.fi\/en\/wp-json\/wp\/v2\/comments?post=120"}],"version-history":[{"count":8,"href":"https:\/\/mattilanmajatalo.fi\/en\/wp-json\/wp\/v2\/pages\/120\/revisions"}],"predecessor-version":[{"id":581,"href":"https:\/\/mattilanmajatalo.fi\/en\/wp-json\/wp\/v2\/pages\/120\/revisions\/581"}],"up":[{"embeddable":true,"href":"https:\/\/mattilanmajatalo.fi\/en\/wp-json\/wp\/v2\/pages\/35"}],"wp:featuredmedia":[{"embeddable":true,"href":"https:\/\/mattilanmajatalo.fi\/en\/wp-json\/wp\/v2\/media\/49"}],"wp:attachment":[{"href":"https:\/\/mattilanmajatalo.fi\/en\/wp-json\/wp\/v2\/media?parent=120"}],"curies":[{"name":"wp","href":"https:\/\/api.w.org\/{rel}","templated":true}]}}